{"id":136,"date":"2015-01-31T22:49:23","date_gmt":"2015-01-31T22:49:23","guid":{"rendered":"http:\/\/mnkythemes.com\/craftsman\/?page_id=136"},"modified":"2022-05-31T18:03:15","modified_gmt":"2022-05-31T18:03:15","slug":"contact","status":"publish","type":"page","link":"https:\/\/moldulak.com.br\/loja\/contact\/","title":{"rendered":"Contact Us"},"content":{"rendered":"<p>[vc_row top=&#8221;35px&#8221; bottom=&#8221;30px&#8221;][vc_column width=&#8221;1\/2&#8243; css=&#8221;.vc_custom_1426022446972{padding-right: 40px !important;}&#8221;][mnky_list_item icon_fontawesome=&#8221;fa fa-home&#8221;]<span style=\"text-transform: uppercase;\">Endere\u00e7o<\/span>[\/mnky_list_item][vc_empty_space height=&#8221;5px&#8221;][vc_column_text]Rua Arthur de Azevedo, 2007<br \/>\nPinheiros -S\u00e3o Paulo &#8211; SP &#8211; CEP 05404015<br \/>\n(11) 3815-3488<br \/>\n(11) 99277-9396 &#8211; WhatsApp &#8211; Isabel<br \/>\n(11) 98272-7290 &#8211; WhatsApp &#8211; Gerson<br \/>\n<strong>Email:<\/strong>\u00a0<a href=\"moldulak@hotmail.com\">moldulak@hotmail.com<\/a><br \/>\nWeb:\u00a0<a href=\"http:\/\/www.moldulak.com.br\">http:\/\/www.moldulak.com.br<\/a>[\/vc_column_text][mnky_list_item icon_fontawesome=&#8221;fa fa-clock-o&#8221;]<span style=\"text-transform: uppercase;\">Hor\u00e1rio de funcionamento<\/span>[\/mnky_list_item][vc_empty_space height=&#8221;5px&#8221;][vc_column_text]<strong>Segunda: <\/strong>10:00 \u00e0s 18:00 h<br \/>\n<strong>Ter\u00e7a: <\/strong>10:00 \u00e0s 18:00 h<br \/>\n<strong>Quarta:<\/strong> 10:00 \u00e0s 18:00 h<br \/>\n<strong>Quinta:<\/strong> 10:00 \u00e0s 18:00 h<br \/>\n<strong>Sexta:<\/strong> 10:00 \u00e0s 18:00 h<br \/>\n<strong>Sabado:<\/strong> 10:00 \u00e0s 13:00 h<br \/>\n<strong>Domingo:\u00a0<\/strong>fechado[\/vc_column_text][\/vc_column][vc_column width=&#8221;1\/2&#8243;][vc_gmaps link=&#8221;#E-8_JTNDaWZyYW1lJTIwc3JjJTNEJTIyaHR0cHMlM0ElMkYlMkZ3d3cuZ29vZ2xlLmNvbSUyRm1hcHMlMkZlbWJlZCUzRnBiJTNEJTIxMW0xOCUyMTFtMTIlMjExbTMlMjExZDM2NTcuMDI3NTgxNTAxMTkzNyUyMTJkLTQ2LjY5MTY4NjU4NDU3ODc3NSUyMTNkLTIzLjU2NzQ1Mjg2NzcwMzM4JTIxMm0zJTIxMWYwJTIxMmYwJTIxM2YwJTIxM20yJTIxMWkxMDI0JTIxMmk3NjglMjE0ZjEzLjElMjEzbTMlMjExbTIlMjExczB4OTRjZTU3MGFhYjk0ZDQ0MSUyNTNBMHhlMTAxN2YzY2FkMzU2NGM2JTIxMnNNb2xkdWxhayUyQk1vbGR1cmFzJTIxNWUwJTIxM20yJTIxMXNwdC1CUiUyMTJzYnIlMjE0djE1MTY1NDQ3MTEyNjQlMjIlMjB3aWR0aCUzRCUyMjYwMCUyMiUyMGhlaWdodCUzRCUyMjQ1MCUyMiUyMGZyYW1lYm9yZGVyJTNEJTIyMCUyMiUyMHN0eWxlJTNEJTIyYm9yZGVyJTNBMCUyMiUyMGFsbG93ZnVsbHNjcmVlbiUzRSUzQyUyRmlmcmFtZSUzRQ==&#8221;][\/vc_column][\/vc_row][vc_row][vc_column][vc_column_text]<\/p>\n<h2>Gostar\u00edamos de ouvir voc\u00ea<\/h2>\n<p>Mande sua duvida sobre a moldura apropriada, materiais ou pe\u00e7a um or\u00e7amento[\/vc_column_text]\n<div class=\"wpcf7 no-js\" id=\"wpcf7-f8-o1\" lang=\"pt-BR\" dir=\"ltr\">\n<div class=\"screen-reader-response\"><p role=\"status\" aria-live=\"polite\" aria-atomic=\"true\"><\/p> <ul><\/ul><\/div>\n<form action=\"\/loja\/wp-json\/wp\/v2\/pages\/136#wpcf7-f8-o1\" method=\"post\" class=\"wpcf7-form init\" aria-label=\"Formul\u00e1rios de contato\" novalidate=\"novalidate\" data-status=\"init\">\n<div style=\"display: none;\">\n<input type=\"hidden\" name=\"_wpcf7\" value=\"8\" \/>\n<input type=\"hidden\" name=\"_wpcf7_version\" value=\"5.7.7\" \/>\n<input type=\"hidden\" name=\"_wpcf7_locale\" value=\"pt_BR\" \/>\n<input type=\"hidden\" name=\"_wpcf7_unit_tag\" value=\"wpcf7-f8-o1\" \/>\n<input type=\"hidden\" name=\"_wpcf7_container_post\" value=\"0\" \/>\n<input type=\"hidden\" name=\"_wpcf7_posted_data_hash\" value=\"\" \/>\n<\/div>\n<p><label> Nome(obrigat\u00f3rio)<br \/>\n<span class=\"wpcf7-form-control-wrap\" data-name=\"your-name\"><input size=\"40\" class=\"wpcf7-form-control wpcf7-text wpcf7-validates-as-required\" aria-required=\"true\" aria-invalid=\"false\" value=\"\" type=\"text\" name=\"your-name\" \/><\/span> <\/label>\n<\/p>\n<p><label> Email (obrigat\u00f3rio)<br \/>\n<span class=\"wpcf7-form-control-wrap\" data-name=\"your-email\"><input size=\"40\" class=\"wpcf7-form-control wpcf7-text wpcf7-email wpcf7-validates-as-required wpcf7-validates-as-email\" aria-required=\"true\" aria-invalid=\"false\" value=\"\" type=\"email\" name=\"your-email\" \/><\/span> <\/label>\n<\/p>\n<p><label> Assunto<br \/>\n<span class=\"wpcf7-form-control-wrap\" data-name=\"your-subject\"><input size=\"40\" class=\"wpcf7-form-control wpcf7-text\" aria-invalid=\"false\" value=\"\" type=\"text\" name=\"your-subject\" \/><\/span> <\/label>\n<\/p>\n<p><label> Mensagem<br \/>\n<span class=\"wpcf7-form-control-wrap\" data-name=\"your-message\"><textarea cols=\"40\" rows=\"10\" class=\"wpcf7-form-control wpcf7-textarea\" aria-invalid=\"false\" name=\"your-message\"><\/textarea><\/span> <\/label>\n<\/p>\n<p><input class=\"wpcf7-form-control has-spinner wpcf7-submit\" type=\"submit\" value=\"Enviar\" \/>\n<\/p><div class=\"wpcf7-response-output\" aria-hidden=\"true\"><\/div>\n<\/form>\n<\/div>\n[\/vc_column][\/vc_row]<\/p>\n","protected":false},"excerpt":{"rendered":"<p>[vc_row top=&#8221;35px&#8221; bottom=&#8221;30px&#8221;][vc_column width=&#8221;1\/2&#8243; css=&#8221;.vc_custom_1426022446972{padding-right: 40px !important;}&#8221;][mnky_list_item icon_fontawesome=&#8221;fa fa-home&#8221;]Endere\u00e7o[\/mnky_list_item][vc_empty_space height=&#8221;5px&#8221;][vc_column_text]Rua Arthur de Azevedo, 2007 Pinheiros -S\u00e3o Paulo &#8211; SP &#8211; CEP 05404015 (11) 3815-3488 (11) 99277-9396 &#8211; WhatsApp &#8211; Isabel (11) 98272-7290 &#8211; WhatsApp &#8211; Gerson Email:\u00a0moldulak@hotmail.com Web:\u00a0http:\/\/www.moldulak.com.br[\/vc_column_text][mnky_list_item icon_fontawesome=&#8221;fa fa-clock-o&#8221;]Hor\u00e1rio de funcionamento[\/mnky_list_item][vc_empty_space height=&#8221;5px&#8221;][vc_column_text]Segunda: 10:00 \u00e0s 18:00 h Ter\u00e7a: 10:00 \u00e0s 18:00 h Quarta: 10:00 \u00e0s [&hellip;]<\/p>\n","protected":false},"author":1,"featured_media":0,"parent":0,"menu_order":0,"comment_status":"open","ping_status":"closed","template":"page-full-width.php","meta":[],"yoast_head":"<!-- This site is optimized with the Yoast SEO plugin v19.1 - https:\/\/yoast.com\/wordpress\/plugins\/seo\/ -->\n<title>Contact Us - Moldulak molduras<\/title>\n<meta name=\"robots\" content=\"index, follow, max-snippet:-1, max-image-preview:large, max-video-preview:-1\" \/>\n<link rel=\"canonical\" href=\"https:\/\/moldulak.com.br\/loja\/contact\/\" \/>\n<meta property=\"og:locale\" content=\"pt_BR\" \/>\n<meta property=\"og:type\" content=\"article\" \/>\n<meta property=\"og:title\" content=\"Contact Us - Moldulak molduras\" \/>\n<meta property=\"og:description\" content=\"[vc_row top=&#8221;35px&#8221; bottom=&#8221;30px&#8221;][vc_column width=&#8221;1\/2&#8243; css=&#8221;.vc_custom_1426022446972{padding-right: 40px !important;}&#8221;][mnky_list_item icon_fontawesome=&#8221;fa fa-home&#8221;]Endere\u00e7o[\/mnky_list_item][vc_empty_space height=&#8221;5px&#8221;][vc_column_text]Rua Arthur de Azevedo, 2007 Pinheiros -S\u00e3o Paulo &#8211; SP &#8211; CEP 05404015 (11) 3815-3488 (11) 99277-9396 &#8211; WhatsApp &#8211; Isabel (11) 98272-7290 &#8211; WhatsApp &#8211; Gerson Email:\u00a0moldulak@hotmail.com Web:\u00a0http:\/\/www.moldulak.com.br[\/vc_column_text][mnky_list_item icon_fontawesome=&#8221;fa fa-clock-o&#8221;]Hor\u00e1rio de funcionamento[\/mnky_list_item][vc_empty_space height=&#8221;5px&#8221;][vc_column_text]Segunda: 10:00 \u00e0s 18:00 h Ter\u00e7a: 10:00 \u00e0s 18:00 h Quarta: 10:00 \u00e0s [&hellip;]\" \/>\n<meta property=\"og:url\" content=\"https:\/\/moldulak.com.br\/loja\/contact\/\" \/>\n<meta property=\"og:site_name\" content=\"Moldulak molduras\" \/>\n<meta property=\"article:publisher\" content=\"https:\/\/www.facebook.com\/moldulak\" \/>\n<meta property=\"article:modified_time\" content=\"2022-05-31T18:03:15+00:00\" \/>\n<meta name=\"twitter:card\" content=\"summary_large_image\" \/>\n<meta name=\"twitter:label1\" content=\"Est. tempo de leitura\" \/>\n\t<meta name=\"twitter:data1\" content=\"1 minuto\" \/>\n<script type=\"application\/ld+json\" class=\"yoast-schema-graph\">{\"@context\":\"https:\/\/schema.org\",\"@graph\":[{\"@type\":\"Organization\",\"@id\":\"https:\/\/moldulak.com.br\/loja\/#organization\",\"name\":\"MOLDULAK\",\"url\":\"https:\/\/moldulak.com.br\/loja\/\",\"sameAs\":[\"https:\/\/www.instagram.com\/moldulak\/\",\"https:\/\/www.facebook.com\/moldulak\"],\"logo\":{\"@type\":\"ImageObject\",\"inLanguage\":\"pt-BR\",\"@id\":\"https:\/\/moldulak.com.br\/loja\/#\/schema\/logo\/image\/\",\"url\":\"https:\/\/moldulak.com.br\/loja\/wp-content\/uploads\/2019\/02\/logo-moldulak-invertido-jpg.jpg\",\"contentUrl\":\"https:\/\/moldulak.com.br\/loja\/wp-content\/uploads\/2019\/02\/logo-moldulak-invertido-jpg.jpg\",\"width\":2658,\"height\":2658,\"caption\":\"MOLDULAK\"},\"image\":{\"@id\":\"https:\/\/moldulak.com.br\/loja\/#\/schema\/logo\/image\/\"}},{\"@type\":\"WebSite\",\"@id\":\"https:\/\/moldulak.com.br\/loja\/#website\",\"url\":\"https:\/\/moldulak.com.br\/loja\/\",\"name\":\"Moldulak molduras\",\"description\":\"molduraria artesanal\",\"publisher\":{\"@id\":\"https:\/\/moldulak.com.br\/loja\/#organization\"},\"potentialAction\":[{\"@type\":\"SearchAction\",\"target\":{\"@type\":\"EntryPoint\",\"urlTemplate\":\"https:\/\/moldulak.com.br\/loja\/?s={search_term_string}\"},\"query-input\":\"required name=search_term_string\"}],\"inLanguage\":\"pt-BR\"},{\"@type\":\"WebPage\",\"@id\":\"https:\/\/moldulak.com.br\/loja\/contact\/#webpage\",\"url\":\"https:\/\/moldulak.com.br\/loja\/contact\/\",\"name\":\"Contact Us - Moldulak molduras\",\"isPartOf\":{\"@id\":\"https:\/\/moldulak.com.br\/loja\/#website\"},\"datePublished\":\"2015-01-31T22:49:23+00:00\",\"dateModified\":\"2022-05-31T18:03:15+00:00\",\"breadcrumb\":{\"@id\":\"https:\/\/moldulak.com.br\/loja\/contact\/#breadcrumb\"},\"inLanguage\":\"pt-BR\",\"potentialAction\":[{\"@type\":\"ReadAction\",\"target\":[\"https:\/\/moldulak.com.br\/loja\/contact\/\"]}]},{\"@type\":\"BreadcrumbList\",\"@id\":\"https:\/\/moldulak.com.br\/loja\/contact\/#breadcrumb\",\"itemListElement\":[{\"@type\":\"ListItem\",\"position\":1,\"name\":\"In\u00edcio\",\"item\":\"https:\/\/moldulak.com.br\/loja\/\"},{\"@type\":\"ListItem\",\"position\":2,\"name\":\"Contact Us\"}]}]}<\/script>\n<!-- \/ Yoast SEO plugin. -->","yoast_head_json":{"title":"Contact Us - Moldulak molduras","robots":{"index":"index","follow":"follow","max-snippet":"max-snippet:-1","max-image-preview":"max-image-preview:large","max-video-preview":"max-video-preview:-1"},"canonical":"https:\/\/moldulak.com.br\/loja\/contact\/","og_locale":"pt_BR","og_type":"article","og_title":"Contact Us - Moldulak molduras","og_description":"[vc_row top=&#8221;35px&#8221; bottom=&#8221;30px&#8221;][vc_column width=&#8221;1\/2&#8243; css=&#8221;.vc_custom_1426022446972{padding-right: 40px !important;}&#8221;][mnky_list_item icon_fontawesome=&#8221;fa fa-home&#8221;]Endere\u00e7o[\/mnky_list_item][vc_empty_space height=&#8221;5px&#8221;][vc_column_text]Rua Arthur de Azevedo, 2007 Pinheiros -S\u00e3o Paulo &#8211; SP &#8211; CEP 05404015 (11) 3815-3488 (11) 99277-9396 &#8211; WhatsApp &#8211; Isabel (11) 98272-7290 &#8211; WhatsApp &#8211; Gerson Email:\u00a0moldulak@hotmail.com Web:\u00a0http:\/\/www.moldulak.com.br[\/vc_column_text][mnky_list_item icon_fontawesome=&#8221;fa fa-clock-o&#8221;]Hor\u00e1rio de funcionamento[\/mnky_list_item][vc_empty_space height=&#8221;5px&#8221;][vc_column_text]Segunda: 10:00 \u00e0s 18:00 h Ter\u00e7a: 10:00 \u00e0s 18:00 h Quarta: 10:00 \u00e0s [&hellip;]","og_url":"https:\/\/moldulak.com.br\/loja\/contact\/","og_site_name":"Moldulak molduras","article_publisher":"https:\/\/www.facebook.com\/moldulak","article_modified_time":"2022-05-31T18:03:15+00:00","twitter_card":"summary_large_image","twitter_misc":{"Est. tempo de leitura":"1 minuto"},"schema":{"@context":"https:\/\/schema.org","@graph":[{"@type":"Organization","@id":"https:\/\/moldulak.com.br\/loja\/#organization","name":"MOLDULAK","url":"https:\/\/moldulak.com.br\/loja\/","sameAs":["https:\/\/www.instagram.com\/moldulak\/","https:\/\/www.facebook.com\/moldulak"],"logo":{"@type":"ImageObject","inLanguage":"pt-BR","@id":"https:\/\/moldulak.com.br\/loja\/#\/schema\/logo\/image\/","url":"https:\/\/moldulak.com.br\/loja\/wp-content\/uploads\/2019\/02\/logo-moldulak-invertido-jpg.jpg","contentUrl":"https:\/\/moldulak.com.br\/loja\/wp-content\/uploads\/2019\/02\/logo-moldulak-invertido-jpg.jpg","width":2658,"height":2658,"caption":"MOLDULAK"},"image":{"@id":"https:\/\/moldulak.com.br\/loja\/#\/schema\/logo\/image\/"}},{"@type":"WebSite","@id":"https:\/\/moldulak.com.br\/loja\/#website","url":"https:\/\/moldulak.com.br\/loja\/","name":"Moldulak molduras","description":"molduraria artesanal","publisher":{"@id":"https:\/\/moldulak.com.br\/loja\/#organization"},"potentialAction":[{"@type":"SearchAction","target":{"@type":"EntryPoint","urlTemplate":"https:\/\/moldulak.com.br\/loja\/?s={search_term_string}"},"query-input":"required name=search_term_string"}],"inLanguage":"pt-BR"},{"@type":"WebPage","@id":"https:\/\/moldulak.com.br\/loja\/contact\/#webpage","url":"https:\/\/moldulak.com.br\/loja\/contact\/","name":"Contact Us - Moldulak molduras","isPartOf":{"@id":"https:\/\/moldulak.com.br\/loja\/#website"},"datePublished":"2015-01-31T22:49:23+00:00","dateModified":"2022-05-31T18:03:15+00:00","breadcrumb":{"@id":"https:\/\/moldulak.com.br\/loja\/contact\/#breadcrumb"},"inLanguage":"pt-BR","potentialAction":[{"@type":"ReadAction","target":["https:\/\/moldulak.com.br\/loja\/contact\/"]}]},{"@type":"BreadcrumbList","@id":"https:\/\/moldulak.com.br\/loja\/contact\/#breadcrumb","itemListElement":[{"@type":"ListItem","position":1,"name":"In\u00edcio","item":"https:\/\/moldulak.com.br\/loja\/"},{"@type":"ListItem","position":2,"name":"Contact Us"}]}]}},"_links":{"self":[{"href":"https:\/\/moldulak.com.br\/loja\/wp-json\/wp\/v2\/pages\/136"}],"collection":[{"href":"https:\/\/moldulak.com.br\/loja\/wp-json\/wp\/v2\/pages"}],"about":[{"href":"https:\/\/moldulak.com.br\/loja\/wp-json\/wp\/v2\/types\/page"}],"author":[{"embeddable":true,"href":"https:\/\/moldulak.com.br\/loja\/wp-json\/wp\/v2\/users\/1"}],"replies":[{"embeddable":true,"href":"https:\/\/moldulak.com.br\/loja\/wp-json\/wp\/v2\/comments?post=136"}],"version-history":[{"count":24,"href":"https:\/\/moldulak.com.br\/loja\/wp-json\/wp\/v2\/pages\/136\/revisions"}],"predecessor-version":[{"id":2478,"href":"https:\/\/moldulak.com.br\/loja\/wp-json\/wp\/v2\/pages\/136\/revisions\/2478"}],"wp:attachment":[{"href":"https:\/\/moldulak.com.br\/loja\/wp-json\/wp\/v2\/media?parent=136"}],"curies":[{"name":"wp","href":"https:\/\/api.w.org\/{rel}","templated":true}]}}