{"id":1573,"date":"2015-01-21T12:05:02","date_gmt":"2015-01-21T12:05:02","guid":{"rendered":"http:\/\/mnkythemes.com\/craftsman\/?page_id=7"},"modified":"2019-02-11T02:12:04","modified_gmt":"2019-02-11T02:12:04","slug":"home-2","status":"publish","type":"page","link":"https:\/\/moldulak.com.br\/loja\/","title":{"rendered":"Home"},"content":{"rendered":"<p>[vc_row row_seperator=&#8221;row-line-seperator&#8221; top=&#8221;0px&#8221; bottom=&#8221;100px&#8221; bg_color=&#8221;#f9f9f9&#8243;][vc_column][vc_row_inner][vc_column_inner width=&#8221;1\/3&#8243; css=&#8221;.vc_custom_1426712644596{border-right-width: 1px !important;border-bottom-width: 1px !important;padding-right: 40px !important;padding-bottom: 40px !important;padding-left: 40px !important;border-right-color: #e2e2e2 !important;border-right-style: solid !important;border-bottom-color: #e2e2e2 !important;border-bottom-style: solid !important;}&#8221;][mnky_service icon_type=&#8221;entypo&#8221; title=&#8221;M\u00e9todos tradicionais&#8221; position=&#8221;sb_center&#8221; css_animation=&#8221;appear&#8221; icon_entypo=&#8221;entypo-icon entypo-icon-tools&#8221; link=&#8221;url:https%3A%2F%2Fmoldulak.com.br%2Floja%2Fgallery-portfolio%2F|||&#8221;]Nossas molduras aliam modernidade com m\u00e9todos tradicionais como lustra\u00e7\u00e3o,doura\u00e7\u00e3o e decap\u00ea.[\/mnky_service][\/vc_column_inner][vc_column_inner width=&#8221;1\/3&#8243; css=&#8221;.vc_custom_1423656591442{border-right-width: 1px !important;border-bottom-width: 1px !important;padding-right: 40px !important;padding-bottom: 40px !important;padding-left: 40px !important;border-right-color: #e2e2e2 !important;border-right-style: solid !important;border-bottom-color: #e2e2e2 !important;border-bottom-style: solid !important;}&#8221;][mnky_service icon_type=&#8221;entypo&#8221; title=&#8221;Localiza\u00e7\u00e3o&#8221; position=&#8221;sb_center&#8221; css_animation=&#8221;appear&#8221; css_animation_delay=&#8221;delay-800&#8243; icon_entypo=&#8221;entypo-icon entypo-icon-address&#8221; link=&#8221;url:https%3A%2F%2Fmoldulak.com.br%2Floja%2Fcontact%2F|||&#8221; icon_color=&#8221;#0057af&#8221;]Mantemos nossa oficina anexo a loja para manter o controle de qualidade e aumentar a seguran\u00e7a dos processos de montagem[\/mnky_service][\/vc_column_inner][vc_column_inner width=&#8221;1\/3&#8243; css=&#8221;.vc_custom_1426712664252{border-bottom-width: 1px !important;padding-right: 40px !important;padding-bottom: 40px !important;padding-left: 40px !important;border-bottom-color: #e2e2e2 !important;border-bottom-style: solid !important;}&#8221;][mnky_service icon_type=&#8221;entypo&#8221; title=&#8221;Customiza\u00e7\u00e3o&#8221; position=&#8221;sb_center&#8221; css_animation=&#8221;appear&#8221; css_animation_delay=&#8221;delay-400&#8243; icon_entypo=&#8221;entypo-icon entypo-icon-tag&#8221; link=&#8221;url:https%3A%2F%2Fmoldulak.com.br%2Floja%2Fconservacao%2F|||&#8221;]Grande flexibilidade de customiza\u00e7\u00f5es est\u00e9ticas bem como para necessidades t\u00e9cnicas de conserva\u00e7\u00e3o das obras [\/mnky_service][\/vc_column_inner][\/vc_row_inner][vc_row_inner][vc_column_inner width=&#8221;1\/3&#8243; css=&#8221;.vc_custom_1426712650419{border-right-width: 1px !important;padding-top: 40px !important;padding-right: 40px !important;padding-left: 40px !important;border-right-color: #e2e2e2 !important;border-right-style: solid !important;}&#8221;][mnky_service icon_fontawesome=&#8221;fa fa-pencil-square-o&#8221; title=&#8221;Materiais&#8221; position=&#8221;sb_center&#8221; css_animation=&#8221;appear&#8221; css_animation_delay=&#8221;delay-200&#8243; link=&#8221;url:https%3A%2F%2Fmoldulak.com.br%2Floja%2Fgallery-portfolio%2F|||&#8221;]Sele\u00e7\u00e3o criteriosa de madeiras para as molduras e materiais de conserva\u00e7\u00e3o para montagem das obras[\/mnky_service][\/vc_column_inner][vc_column_inner width=&#8221;1\/3&#8243; css=&#8221;.vc_custom_1423657729311{border-right-width: 1px !important;padding-top: 40px !important;padding-right: 40px !important;padding-left: 40px !important;border-right-color: #e2e2e2 !important;border-right-style: solid !important;}&#8221;][mnky_service icon_type=&#8221;entypo&#8221; title=&#8221;Restaura\u00e7\u00e3o&#8221; position=&#8221;sb_center&#8221; css_animation=&#8221;appear&#8221; css_animation_delay=&#8221;delay-600&#8243; icon_entypo=&#8221;entypo-icon entypo-icon-hourglass&#8221; link=&#8221;url:https%3A%2F%2Fmoldulak.com.br%2Floja%2Fconservacao%2F|||&#8221;]Servi\u00e7o de restaura\u00e7\u00e3o de gravuras, desenhos e pinturas com experientes profissionais.[\/mnky_service][\/vc_column_inner][vc_column_inner width=&#8221;1\/3&#8243; css=&#8221;.vc_custom_1426712657507{padding-top: 40px !important;padding-right: 40px !important;padding-left: 40px !important;}&#8221;][mnky_service icon_type=&#8221;entypo&#8221; title=&#8221;Conserva\u00e7\u00e3o&#8221; position=&#8221;sb_center&#8221; css_animation=&#8221;appear&#8221; css_animation_delay=&#8221;delay-1000&#8243; icon_entypo=&#8221;entypo-icon entypo-icon-home&#8221; link=&#8221;url:https%3A%2F%2Fmoldulak.com.br%2Floja%2Fconservacao%2F||target:%20_blank|&#8221;]T\u00e9cnicas e materiais que previnem problemas de fungos e acidifica\u00e7\u00e3o bem como crit\u00e9rios de fixa\u00e7\u00e3o da obra na moldura.[\/mnky_service][\/vc_column_inner][\/vc_row_inner][\/vc_column][\/vc_row][vc_row row_seperator=&#8221;row-line-seperator&#8221; top=&#8221;20px&#8221; bottom=&#8221;0px&#8221;][vc_column][mnky_heading title=&#8221;Nossa paix\u00e3o pela qualidade&#8221; subtitle=&#8221;Saiba mais sobre o que torna os produtos artesanais t\u00e3o bons.&#8221;][\/vc_column][vc_column][\/vc_column][\/vc_row][vc_row font_weight=&#8221;lighter&#8221; top=&#8221;60px&#8221; bottom=&#8221;50px&#8221;][vc_column width=&#8221;1\/3&#8243;][mnky_colored_box img_url=&#8221;1916&#8243; padding=&#8221;30px&#8221; css_animation=&#8221;bottom-to-top&#8221;]<\/p>\n<p style=\"text-align: center;\"><span style=\"color: #ffffff;\">Criadas com com paix\u00e3o e muita dedica\u00e7\u00e3o nossas molduras adquirem uma identidade que vai complementar sua obra de arte<\/span><\/p>\n<p>[\/mnky_colored_box][\/vc_column][vc_column width=&#8221;1\/3&#8243;][mnky_colored_box img_url=&#8221;1927&#8243; bg_color=&#8221;#e74c3c&#8221; padding=&#8221;30px&#8221; css_animation=&#8221;bottom-to-top&#8221; css_animation_delay=&#8221;delay-300&#8243;]<\/p>\n<p style=\"text-align: center;\"><span style=\"color: #ffffff;\">Nossas molduras s\u00e3o confeccionadas conforme as necessidades da obra ou objeto que se deseja expor.<\/span><\/p>\n<p>[\/mnky_colored_box][\/vc_column][vc_column width=&#8221;1\/3&#8243;][mnky_colored_box img_url=&#8221;1920&#8243; bg_color=&#8221;#2d2d2d&#8221; padding=&#8221;30px&#8221; css_animation=&#8221;bottom-to-top&#8221; css_animation_delay=&#8221;delay-600&#8243;]<\/p>\n<p style=\"text-align: center;\"><span style=\"color: #ffffff;\">A escolha dos materiais e o acabamento artesanal conferem um resultado elegante que complementa a obra<\/span><\/p>\n<p>[\/mnky_colored_box][\/vc_column][\/vc_row][vc_row top=&#8221;85px&#8221; bottom=&#8221;75px&#8221;][vc_column][mnky_heading title=&#8221;Algumas exposi\u00e7\u00f5es&#8221; subtitle=&#8221;molduras e montagem de obras&#8221;][vc_empty_space height=&#8221;10px&#8221;][vc_gallery interval=&#8221;5&#8243; images=&#8221;2035,2034,2033,2032,2031,2030,2029,2028,2027,2026,2025&#8243; img_size=&#8221;1400&#215;750&#8243; css_animation=&#8221;fadeIn&#8221;][vc_empty_space height=&#8221;10px&#8221;][mnky_heading title=&#8221;Obrigado por estar conosco todo esse tempo&#8221; subtitle=&#8221;Sempre no bairro de Pinheiros&#8221;][vc_empty_space height=&#8221;40px&#8221;][mnky_timeline bar_color=&#8221;#f2f2f2&#8243; bar_color_2=&#8221;#cecece&#8221;][mnky_timeline_point title=&#8221;1979&#8243;]Iniciamos nossa molduraria na Rua Fradique Coutinho, 762[\/mnky_timeline_point][mnky_timeline_point position=&#8221;25&#8243; title=&#8221;1984&#8243;]Rua Fradique Coutinho, 755[\/mnky_timeline_point][mnky_timeline_point position=&#8221;45&#8243; title=&#8221;1990&#8243;]Rua Cunha Gago 723[\/mnky_timeline_point][mnky_timeline_point position=&#8221;70&#8243; title=&#8221;2009&#8243;]Rua Lisboa, 755[\/mnky_timeline_point][mnky_timeline_point position=&#8221;80&#8243; title=&#8221;2012&#8243;]Rua Arthur de Azevedo,2007[\/mnky_timeline_point][mnky_timeline_point position=&#8221;98&#8243; title=&#8221;Hoje&#8221;]Rua Arthur de Azevedo, 2007[\/mnky_timeline_point][\/mnky_timeline][\/vc_column][\/vc_row][vc_row textalign=&#8221;right&#8221; row_show_on=&#8221;hide_tablet_landscape,hide_tablet_portrait,hide_mobile_landscape,hide_mobile_portrait&#8221; bg_color=&#8221;#d1b7a3&#8243; font_color=&#8221;#ffffff&#8221;][vc_column width=&#8221;5\/6&#8243; css=&#8221;.vc_custom_1426777723722{padding-right: 60px !important;}&#8221;][vc_column_text]<\/p>\n<p style=\"text-align: left;\"><span style=\"font-size: 24px;\">Gosta de arte ?\u00a0 \u00a0 \u00a0Venha nos visitar !<\/span><\/p>\n<p style=\"text-align: left;\">Traga seu desenho, foto, gravura, pintura ou objeto e sugeriremos uma moldura com a est\u00e9tica que voc\u00ea pretende e os cuidados com a conserva\u00e7\u00e3o necess\u00e1rios<\/p>\n<p>[\/vc_column_text][\/vc_column][\/vc_row]<\/p>\n","protected":false},"excerpt":{"rendered":"<p>[vc_row row_seperator=&#8221;row-line-seperator&#8221; top=&#8221;0px&#8221; bottom=&#8221;100px&#8221; bg_color=&#8221;#f9f9f9&#8243;][vc_column][vc_row_inner][vc_column_inner width=&#8221;1\/3&#8243; css=&#8221;.vc_custom_1426712644596{border-right-width: 1px !important;border-bottom-width: 1px !important;padding-right: 40px !important;padding-bottom: 40px !important;padding-left: 40px !important;border-right-color: #e2e2e2 !important;border-right-style: solid !important;border-bottom-color: #e2e2e2 !important;border-bottom-style: solid !important;}&#8221;][mnky_service icon_type=&#8221;entypo&#8221; title=&#8221;M\u00e9todos tradicionais&#8221; position=&#8221;sb_center&#8221; css_animation=&#8221;appear&#8221; icon_entypo=&#8221;entypo-icon entypo-icon-tools&#8221; link=&#8221;url:https%3A%2F%2Fmoldulak.com.br%2Floja%2Fgallery-portfolio%2F|||&#8221;]Nossas molduras aliam modernidade com m\u00e9todos tradicionais como lustra\u00e7\u00e3o,doura\u00e7\u00e3o e decap\u00ea.[\/mnky_service][\/vc_column_inner][vc_column_inner width=&#8221;1\/3&#8243; css=&#8221;.vc_custom_1423656591442{border-right-width: 1px !important;border-bottom-width: 1px !important;padding-right: 40px !important;padding-bottom: 40px !important;padding-left: 40px !important;border-right-color: [&hellip;]<\/p>\n","protected":false},"author":1,"featured_media":0,"parent":0,"menu_order":0,"comment_status":"open","ping_status":"closed","template":"page-full-width.php","meta":[],"yoast_head":"<!-- This site is optimized with the Yoast SEO plugin v19.1 - https:\/\/yoast.com\/wordpress\/plugins\/seo\/ -->\n<title>Home - Moldulak molduras<\/title>\n<meta name=\"robots\" content=\"index, follow, max-snippet:-1, max-image-preview:large, max-video-preview:-1\" \/>\n<link rel=\"canonical\" href=\"https:\/\/moldulak.com.br\/loja\/\" \/>\n<meta property=\"og:locale\" content=\"pt_BR\" \/>\n<meta property=\"og:type\" content=\"article\" \/>\n<meta property=\"og:title\" content=\"Home - Moldulak molduras\" \/>\n<meta property=\"og:description\" content=\"[vc_row row_seperator=&#8221;row-line-seperator&#8221; top=&#8221;0px&#8221; bottom=&#8221;100px&#8221; bg_color=&#8221;#f9f9f9&#8243;][vc_column][vc_row_inner][vc_column_inner width=&#8221;1\/3&#8243; css=&#8221;.vc_custom_1426712644596{border-right-width: 1px !important;border-bottom-width: 1px !important;padding-right: 40px !important;padding-bottom: 40px !important;padding-left: 40px !important;border-right-color: #e2e2e2 !important;border-right-style: solid !important;border-bottom-color: #e2e2e2 !important;border-bottom-style: solid !important;}&#8221;][mnky_service icon_type=&#8221;entypo&#8221; title=&#8221;M\u00e9todos tradicionais&#8221; position=&#8221;sb_center&#8221; css_animation=&#8221;appear&#8221; icon_entypo=&#8221;entypo-icon entypo-icon-tools&#8221; link=&#8221;url:https%3A%2F%2Fmoldulak.com.br%2Floja%2Fgallery-portfolio%2F|||&#8221;]Nossas molduras aliam modernidade com m\u00e9todos tradicionais como lustra\u00e7\u00e3o,doura\u00e7\u00e3o e decap\u00ea.[\/mnky_service][\/vc_column_inner][vc_column_inner width=&#8221;1\/3&#8243; css=&#8221;.vc_custom_1423656591442{border-right-width: 1px !important;border-bottom-width: 1px !important;padding-right: 40px !important;padding-bottom: 40px !important;padding-left: 40px !important;border-right-color: [&hellip;]\" \/>\n<meta property=\"og:url\" content=\"https:\/\/moldulak.com.br\/loja\/\" \/>\n<meta property=\"og:site_name\" content=\"Moldulak molduras\" \/>\n<meta property=\"article:publisher\" content=\"https:\/\/www.facebook.com\/moldulak\" \/>\n<meta property=\"article:modified_time\" content=\"2019-02-11T02:12:04+00:00\" \/>\n<meta name=\"twitter:card\" content=\"summary_large_image\" \/>\n<meta name=\"twitter:label1\" content=\"Est. tempo de leitura\" \/>\n\t<meta name=\"twitter:data1\" content=\"5 minutos\" \/>\n<script type=\"application\/ld+json\" class=\"yoast-schema-graph\">{\"@context\":\"https:\/\/schema.org\",\"@graph\":[{\"@type\":\"Organization\",\"@id\":\"https:\/\/moldulak.com.br\/loja\/#organization\",\"name\":\"MOLDULAK\",\"url\":\"https:\/\/moldulak.com.br\/loja\/\",\"sameAs\":[\"https:\/\/www.instagram.com\/moldulak\/\",\"https:\/\/www.facebook.com\/moldulak\"],\"logo\":{\"@type\":\"ImageObject\",\"inLanguage\":\"pt-BR\",\"@id\":\"https:\/\/moldulak.com.br\/loja\/#\/schema\/logo\/image\/\",\"url\":\"https:\/\/moldulak.com.br\/loja\/wp-content\/uploads\/2019\/02\/logo-moldulak-invertido-jpg.jpg\",\"contentUrl\":\"https:\/\/moldulak.com.br\/loja\/wp-content\/uploads\/2019\/02\/logo-moldulak-invertido-jpg.jpg\",\"width\":2658,\"height\":2658,\"caption\":\"MOLDULAK\"},\"image\":{\"@id\":\"https:\/\/moldulak.com.br\/loja\/#\/schema\/logo\/image\/\"}},{\"@type\":\"WebSite\",\"@id\":\"https:\/\/moldulak.com.br\/loja\/#website\",\"url\":\"https:\/\/moldulak.com.br\/loja\/\",\"name\":\"Moldulak molduras\",\"description\":\"molduraria artesanal\",\"publisher\":{\"@id\":\"https:\/\/moldulak.com.br\/loja\/#organization\"},\"potentialAction\":[{\"@type\":\"SearchAction\",\"target\":{\"@type\":\"EntryPoint\",\"urlTemplate\":\"https:\/\/moldulak.com.br\/loja\/?s={search_term_string}\"},\"query-input\":\"required name=search_term_string\"}],\"inLanguage\":\"pt-BR\"},{\"@type\":\"WebPage\",\"@id\":\"https:\/\/moldulak.com.br\/loja\/#webpage\",\"url\":\"https:\/\/moldulak.com.br\/loja\/\",\"name\":\"Home - Moldulak molduras\",\"isPartOf\":{\"@id\":\"https:\/\/moldulak.com.br\/loja\/#website\"},\"datePublished\":\"2015-01-21T12:05:02+00:00\",\"dateModified\":\"2019-02-11T02:12:04+00:00\",\"breadcrumb\":{\"@id\":\"https:\/\/moldulak.com.br\/loja\/#breadcrumb\"},\"inLanguage\":\"pt-BR\",\"potentialAction\":[{\"@type\":\"ReadAction\",\"target\":[\"https:\/\/moldulak.com.br\/loja\/\"]}]},{\"@type\":\"BreadcrumbList\",\"@id\":\"https:\/\/moldulak.com.br\/loja\/#breadcrumb\",\"itemListElement\":[{\"@type\":\"ListItem\",\"position\":1,\"name\":\"In\u00edcio\",\"item\":\"https:\/\/moldulak.com.br\/loja\/\"},{\"@type\":\"ListItem\",\"position\":2,\"name\":\"Home\"}]}]}<\/script>\n<!-- \/ Yoast SEO plugin. -->","yoast_head_json":{"title":"Home - Moldulak molduras","robots":{"index":"index","follow":"follow","max-snippet":"max-snippet:-1","max-image-preview":"max-image-preview:large","max-video-preview":"max-video-preview:-1"},"canonical":"https:\/\/moldulak.com.br\/loja\/","og_locale":"pt_BR","og_type":"article","og_title":"Home - Moldulak molduras","og_description":"[vc_row row_seperator=&#8221;row-line-seperator&#8221; top=&#8221;0px&#8221; bottom=&#8221;100px&#8221; bg_color=&#8221;#f9f9f9&#8243;][vc_column][vc_row_inner][vc_column_inner width=&#8221;1\/3&#8243; css=&#8221;.vc_custom_1426712644596{border-right-width: 1px !important;border-bottom-width: 1px !important;padding-right: 40px !important;padding-bottom: 40px !important;padding-left: 40px !important;border-right-color: #e2e2e2 !important;border-right-style: solid !important;border-bottom-color: #e2e2e2 !important;border-bottom-style: solid !important;}&#8221;][mnky_service icon_type=&#8221;entypo&#8221; title=&#8221;M\u00e9todos tradicionais&#8221; position=&#8221;sb_center&#8221; css_animation=&#8221;appear&#8221; icon_entypo=&#8221;entypo-icon entypo-icon-tools&#8221; link=&#8221;url:https%3A%2F%2Fmoldulak.com.br%2Floja%2Fgallery-portfolio%2F|||&#8221;]Nossas molduras aliam modernidade com m\u00e9todos tradicionais como lustra\u00e7\u00e3o,doura\u00e7\u00e3o e decap\u00ea.[\/mnky_service][\/vc_column_inner][vc_column_inner width=&#8221;1\/3&#8243; css=&#8221;.vc_custom_1423656591442{border-right-width: 1px !important;border-bottom-width: 1px !important;padding-right: 40px !important;padding-bottom: 40px !important;padding-left: 40px !important;border-right-color: [&hellip;]","og_url":"https:\/\/moldulak.com.br\/loja\/","og_site_name":"Moldulak molduras","article_publisher":"https:\/\/www.facebook.com\/moldulak","article_modified_time":"2019-02-11T02:12:04+00:00","twitter_card":"summary_large_image","twitter_misc":{"Est. tempo de leitura":"5 minutos"},"schema":{"@context":"https:\/\/schema.org","@graph":[{"@type":"Organization","@id":"https:\/\/moldulak.com.br\/loja\/#organization","name":"MOLDULAK","url":"https:\/\/moldulak.com.br\/loja\/","sameAs":["https:\/\/www.instagram.com\/moldulak\/","https:\/\/www.facebook.com\/moldulak"],"logo":{"@type":"ImageObject","inLanguage":"pt-BR","@id":"https:\/\/moldulak.com.br\/loja\/#\/schema\/logo\/image\/","url":"https:\/\/moldulak.com.br\/loja\/wp-content\/uploads\/2019\/02\/logo-moldulak-invertido-jpg.jpg","contentUrl":"https:\/\/moldulak.com.br\/loja\/wp-content\/uploads\/2019\/02\/logo-moldulak-invertido-jpg.jpg","width":2658,"height":2658,"caption":"MOLDULAK"},"image":{"@id":"https:\/\/moldulak.com.br\/loja\/#\/schema\/logo\/image\/"}},{"@type":"WebSite","@id":"https:\/\/moldulak.com.br\/loja\/#website","url":"https:\/\/moldulak.com.br\/loja\/","name":"Moldulak molduras","description":"molduraria artesanal","publisher":{"@id":"https:\/\/moldulak.com.br\/loja\/#organization"},"potentialAction":[{"@type":"SearchAction","target":{"@type":"EntryPoint","urlTemplate":"https:\/\/moldulak.com.br\/loja\/?s={search_term_string}"},"query-input":"required name=search_term_string"}],"inLanguage":"pt-BR"},{"@type":"WebPage","@id":"https:\/\/moldulak.com.br\/loja\/#webpage","url":"https:\/\/moldulak.com.br\/loja\/","name":"Home - Moldulak molduras","isPartOf":{"@id":"https:\/\/moldulak.com.br\/loja\/#website"},"datePublished":"2015-01-21T12:05:02+00:00","dateModified":"2019-02-11T02:12:04+00:00","breadcrumb":{"@id":"https:\/\/moldulak.com.br\/loja\/#breadcrumb"},"inLanguage":"pt-BR","potentialAction":[{"@type":"ReadAction","target":["https:\/\/moldulak.com.br\/loja\/"]}]},{"@type":"BreadcrumbList","@id":"https:\/\/moldulak.com.br\/loja\/#breadcrumb","itemListElement":[{"@type":"ListItem","position":1,"name":"In\u00edcio","item":"https:\/\/moldulak.com.br\/loja\/"},{"@type":"ListItem","position":2,"name":"Home"}]}]}},"_links":{"self":[{"href":"https:\/\/moldulak.com.br\/loja\/wp-json\/wp\/v2\/pages\/1573"}],"collection":[{"href":"https:\/\/moldulak.com.br\/loja\/wp-json\/wp\/v2\/pages"}],"about":[{"href":"https:\/\/moldulak.com.br\/loja\/wp-json\/wp\/v2\/types\/page"}],"author":[{"embeddable":true,"href":"https:\/\/moldulak.com.br\/loja\/wp-json\/wp\/v2\/users\/1"}],"replies":[{"embeddable":true,"href":"https:\/\/moldulak.com.br\/loja\/wp-json\/wp\/v2\/comments?post=1573"}],"version-history":[{"count":193,"href":"https:\/\/moldulak.com.br\/loja\/wp-json\/wp\/v2\/pages\/1573\/revisions"}],"predecessor-version":[{"id":2555,"href":"https:\/\/moldulak.com.br\/loja\/wp-json\/wp\/v2\/pages\/1573\/revisions\/2555"}],"wp:attachment":[{"href":"https:\/\/moldulak.com.br\/loja\/wp-json\/wp\/v2\/media?parent=1573"}],"curies":[{"name":"wp","href":"https:\/\/api.w.org\/{rel}","templated":true}]}}