{"id":2152,"date":"2018-10-14T19:36:05","date_gmt":"2018-10-14T19:36:05","guid":{"rendered":"https:\/\/moldulak.com.br\/loja\/?page_id=2152"},"modified":"2022-06-01T17:49:02","modified_gmt":"2022-06-01T17:49:02","slug":"conservacao","status":"publish","type":"page","link":"https:\/\/moldulak.com.br\/loja\/conservacao\/","title":{"rendered":"Conserva\u00e7\u00e3o e restauro"},"content":{"rendered":"<p>[vc_row top=&#8221;0px&#8221; bottom=&#8221;&#8221;][vc_column][mnky_heading title=&#8221;Conserva\u00e7\u00e3o&#8221; subtitle=&#8221;materiais e t\u00e9cnicas&#8221;][vc_empty_space height=&#8221;20px&#8221;][vc_column_text]Quando emolduramos uma obra de arte seja ela uma gravura, fotografia, desenho ou pintura temos que pensar sobre sua conserva\u00e7\u00e3o para que ela n\u00e3o sofra ataque de fungos, n\u00e3o fique exposta a materiais \u00e1cidos que podem alterar a cor e como fixar esta obra para que ela possa ser removida da moldura no futuro.[\/vc_column_text][\/vc_column][\/vc_row][vc_row top=&#8221;20px&#8221; bottom=&#8221;20px&#8221;][vc_column width=&#8221;1\/2&#8243;][mnky_colored_box img_url=&#8221;2362&#8243; width=&#8221;550px&#8221; align=&#8221;aligncenter&#8221; bg_color=&#8221;#efefef&#8221; padding=&#8221;50px&#8221;]O passe-partout (margem) tem al\u00e9m da fun\u00e7\u00e3o est\u00e9tica de criar um campo visual tem a fun\u00e7\u00e3o de criar um espa\u00e7o entre o vidro e a obra evitando assim a condensa\u00e7\u00e3o da umidade o que propiciaria o aparecimento de fungos ou a ader\u00eancia da obra no vidro.[\/mnky_colored_box][\/vc_column][vc_column width=&#8221;1\/2&#8243;][mnky_colored_box img_url=&#8221;2358&#8243; width=&#8221;550px&#8221; align=&#8221;aligncenter&#8221; bg_color=&#8221;#efefef&#8221; padding=&#8221;50px&#8221;]Na montagem caixa usamos espa\u00e7adores de madeira para criar um espa\u00e7o entre o vidro e a obra muito maior do que com o passe-partout permitindo acomodar obras com mais espessura ou mesmo objetos tridimensionais protegendo e permitindo que sejam expostos na parede.[\/mnky_colored_box][\/vc_column][\/vc_row][vc_row top=&#8221;20px&#8221; bottom=&#8221;20px&#8221;][vc_column width=&#8221;1\/2&#8243;][mnky_colored_box img_url=&#8221;2313&#8243; width=&#8221;550 px&#8221; align=&#8221;aligncenter&#8221; bg_color=&#8221;#efefef&#8221; padding=&#8221;50px&#8221;]Os passe-partout s\u00e3o confeccionados com papeis neutros importados dos EUA ou da Inglaterra, dispon\u00edvel em diversas cores e n\u00edveis de reserva alcalina, diferentes mas todos com o objetivo de n\u00e3o acidificarem a obra o que causa amarelecimento e at\u00e9 a degrada\u00e7\u00e3o das fibras.[\/mnky_colored_box][\/vc_column][vc_column width=&#8221;1\/2&#8243;][mnky_colored_box img_url=&#8221;2320&#8243; width=&#8221;550 px&#8221; align=&#8221;aligncenter&#8221; bg_color=&#8221;#eaeaea&#8221; padding=&#8221;25px&#8221;]Os materiais para fixa\u00e7\u00e3o da obra no passe-partout ou mais precisamente no fundo devem ser necessariamente neutros (acid free) para que n\u00e3o acidifiquem as partes da obra por onde ser\u00e1 fixada, bem como fitas adesivas que s\u00f3 devem ser usadas como ultimo recurso para obras que n\u00e3o permitam ser presas por cantoneiras, devem ser neutras e facilmente remov\u00edveis com solvente ou mesmo \u00e1gua destilada.[\/mnky_colored_box][\/vc_column][\/vc_row][vc_row top=&#8221;20px&#8221; bottom=&#8221;20px&#8221;][vc_column width=&#8221;1\/2&#8243;][mnky_colored_box img_url=&#8221;2323&#8243; width=&#8221;550px&#8221; align=&#8221;aligncenter&#8221; bg_color=&#8221;#efefef&#8221; padding=&#8221;50px&#8221;]Esta \u00e9 a forma correta de montar uma gravura sobre o fundo que usa uma fita como dobradi\u00e7a para que o passe-partut possa ser fechado e a obra fique firmemente presa e sem contato com o vidro ou com a madeira da moldura.[\/mnky_colored_box][\/vc_column][vc_column width=&#8221;1\/2&#8243;][mnky_colored_box img_url=&#8221;2324&#8243; width=&#8221;550px&#8221; align=&#8221;aligncenter&#8221; bg_color=&#8221;#efefef&#8221; padding=&#8221;63px&#8221;]Aqui vemos o final do processo de montagem com a obra fixada no passe-partout pronta para ser montada na moldura que deve respeitar alguns crit\u00e9rios para completar a prote\u00e7\u00e3o.[\/mnky_colored_box][\/vc_column][\/vc_row][vc_row top=&#8221;20px&#8221; bottom=&#8221;20px&#8221;][vc_column width=&#8221;1\/2&#8243;][mnky_colored_box img_url=&#8221;2316&#8243; width=&#8221;550px&#8221; bg_color=&#8221;#efefef&#8221; padding=&#8221;50px&#8221;]Papel de algod\u00e3o neutro gramatura de 250 g usado para isolar e ajudar a absorver a umidade da obra evitando sua condensa\u00e7\u00e3o \u00e9 tamb\u00e9m uma barreira contra a acidez vinda do fundo da moldura.[\/mnky_colored_box][\/vc_column][vc_column width=&#8221;1\/2&#8243;][mnky_colored_box img_url=&#8221;2315&#8243; width=&#8221;550px&#8221; align=&#8221;aligncenter&#8221; bg_color=&#8221;#efefef&#8221; padding=&#8221;38px&#8221;]Terfane \u00e9 um filme de poli\u00e9ster inerte e neutro usado para bloquear a umidade e a acidez que vem pelo fundo da moldura \u00e9 padr\u00e3o em todas as nossas molduras independente do tipo de material usado para o fechamento.[\/mnky_colored_box][\/vc_column][\/vc_row][vc_row top=&#8221;20px&#8221; bottom=&#8221;20px&#8221;][vc_column width=&#8221;1\/2&#8243;][mnky_colored_box img_url=&#8221;2314&#8243; width=&#8221;550px&#8221; align=&#8221;aligncenter&#8221; bg_color=&#8221;#efefef&#8221;]Fechamento traseiro da moldura com chapa de policarbonato alveolar \u00e9 a op\u00e7\u00e3o mais leve e que absorve menos umidade sendo a maneira ideal de isolar o interior da moldura,[\/mnky_colored_box][\/vc_column][vc_column width=&#8221;1\/2&#8243;][mnky_colored_box img_url=&#8221;2317&#8243; width=&#8221;550px&#8221; align=&#8221;aligncenter&#8221; bg_color=&#8221;#efefef&#8221;]Este \u00e9 o resultado final com chassi de madeira aparafusado, garantindo press\u00e3o na montagem e estruturando a moldura permitindo o uso de perfis finos em montagens grandes.[\/mnky_colored_box][\/vc_column][\/vc_row][vc_row top=&#8221;10px&#8221; bottom=&#8221;20px&#8221;][vc_column][vc_column_text css=&#8221;.vc_custom_1542075809772{background-color: #efefef !important;}&#8221;]<span style=\"font-size: 14pt;\"><img loading=\"lazy\" class=\"wp-image-2366 alignleft\" src=\"https:\/\/moldulak.com.br\/loja\/wp-content\/uploads\/2018\/10\/MG_4467-e1542075608520.jpg\" alt=\"\" width=\"326\" height=\"218\" \/><\/span><\/p>\n<p>&nbsp;<\/p>\n<p>Vidros especiais com tratamento anti-reflexo e prote\u00e7\u00e3o UV protegem a obra contra desbotamento das cores, perda da assinatura e amarelecimento do papel.<br \/>\nDispon\u00edveis em 3 n\u00edveis de prote\u00e7\u00e3o 70 % &#8211; 90% e 99% tamb\u00e9m conhecido como vidro museu.<\/p>\n<p>[\/vc_column_text][vc_empty_space height=&#8221;100px&#8221;][mnky_heading title=&#8221;Restaura\u00e7\u00e3o&#8221; subtitle=&#8221;Obras em papel&#8221;][\/vc_column][\/vc_row][vc_row top=&#8221;20px&#8221;][vc_column width=&#8221;1\/2&#8243;][mnky_colored_box img_url=&#8221;2472&#8243; width=&#8221;550px&#8221; align=&#8221;aligncenter&#8221; bg_color=&#8221;#efefef&#8221;]Quando a obra est\u00e1 em mau estado com manchas de acidifica\u00e7\u00e3o e de fungos indicamos o trabalho de restaura\u00e7\u00e3o que consiste em usar produtos quimicos para clarear as manchas desacidificar o papel e neutralizar manchas de fungos[\/mnky_colored_box][\/vc_column][vc_column width=&#8221;1\/2&#8243;][mnky_colored_box img_url=&#8221;2470&#8243; width=&#8221;550px&#8221; align=&#8221;aligncenter&#8221; bg_color=&#8221;#efefef&#8221;]Resultado final do processo executado pela nossa parceira Helen Ikeda que tem uma s\u00f3lida forma\u00e7\u00e3o te\u00f3rica e muitos anos de experiencia garantindo a seguran\u00e7a do procedimento e os melhores resultados poss\u00edveis.[\/mnky_colored_box][\/vc_column][\/vc_row]<\/p>\n","protected":false},"excerpt":{"rendered":"<p>[vc_row top=&#8221;0px&#8221; bottom=&#8221;&#8221;][vc_column][mnky_heading title=&#8221;Conserva\u00e7\u00e3o&#8221; subtitle=&#8221;materiais e t\u00e9cnicas&#8221;][vc_empty_space height=&#8221;20px&#8221;][vc_column_text]Quando emolduramos uma obra de arte seja ela uma gravura, fotografia, desenho ou pintura temos que pensar sobre sua conserva\u00e7\u00e3o para que ela n\u00e3o sofra ataque de fungos, n\u00e3o fique exposta a materiais \u00e1cidos que podem alterar a cor e como fixar esta obra para que ela possa [&hellip;]<\/p>\n","protected":false},"author":1,"featured_media":0,"parent":0,"menu_order":0,"comment_status":"closed","ping_status":"open","template":"","meta":[],"yoast_head":"<!-- This site is optimized with the Yoast SEO plugin v19.1 - https:\/\/yoast.com\/wordpress\/plugins\/seo\/ -->\n<title>Conserva\u00e7\u00e3o e restauro - Moldulak molduras<\/title>\n<meta name=\"robots\" content=\"index, follow, max-snippet:-1, max-image-preview:large, max-video-preview:-1\" \/>\n<link rel=\"canonical\" href=\"https:\/\/moldulak.com.br\/loja\/conservacao\/\" \/>\n<meta property=\"og:locale\" content=\"pt_BR\" \/>\n<meta property=\"og:type\" content=\"article\" \/>\n<meta property=\"og:title\" content=\"Conserva\u00e7\u00e3o e restauro - Moldulak molduras\" \/>\n<meta property=\"og:description\" content=\"[vc_row top=&#8221;0px&#8221; bottom=&#8221;&#8221;][vc_column][mnky_heading title=&#8221;Conserva\u00e7\u00e3o&#8221; subtitle=&#8221;materiais e t\u00e9cnicas&#8221;][vc_empty_space height=&#8221;20px&#8221;][vc_column_text]Quando emolduramos uma obra de arte seja ela uma gravura, fotografia, desenho ou pintura temos que pensar sobre sua conserva\u00e7\u00e3o para que ela n\u00e3o sofra ataque de fungos, n\u00e3o fique exposta a materiais \u00e1cidos que podem alterar a cor e como fixar esta obra para que ela possa [&hellip;]\" \/>\n<meta property=\"og:url\" content=\"https:\/\/moldulak.com.br\/loja\/conservacao\/\" \/>\n<meta property=\"og:site_name\" content=\"Moldulak molduras\" \/>\n<meta property=\"article:publisher\" content=\"https:\/\/www.facebook.com\/moldulak\" \/>\n<meta property=\"article:modified_time\" content=\"2022-06-01T17:49:02+00:00\" \/>\n<meta property=\"og:image\" content=\"https:\/\/moldulak.com.br\/loja\/wp-content\/uploads\/2018\/10\/MG_4467-e1542075608520.jpg\" \/>\n<meta name=\"twitter:card\" content=\"summary_large_image\" \/>\n<meta name=\"twitter:label1\" content=\"Est. tempo de leitura\" \/>\n\t<meta name=\"twitter:data1\" content=\"5 minutos\" \/>\n<script type=\"application\/ld+json\" class=\"yoast-schema-graph\">{\"@context\":\"https:\/\/schema.org\",\"@graph\":[{\"@type\":\"Organization\",\"@id\":\"https:\/\/moldulak.com.br\/loja\/#organization\",\"name\":\"MOLDULAK\",\"url\":\"https:\/\/moldulak.com.br\/loja\/\",\"sameAs\":[\"https:\/\/www.instagram.com\/moldulak\/\",\"https:\/\/www.facebook.com\/moldulak\"],\"logo\":{\"@type\":\"ImageObject\",\"inLanguage\":\"pt-BR\",\"@id\":\"https:\/\/moldulak.com.br\/loja\/#\/schema\/logo\/image\/\",\"url\":\"https:\/\/moldulak.com.br\/loja\/wp-content\/uploads\/2019\/02\/logo-moldulak-invertido-jpg.jpg\",\"contentUrl\":\"https:\/\/moldulak.com.br\/loja\/wp-content\/uploads\/2019\/02\/logo-moldulak-invertido-jpg.jpg\",\"width\":2658,\"height\":2658,\"caption\":\"MOLDULAK\"},\"image\":{\"@id\":\"https:\/\/moldulak.com.br\/loja\/#\/schema\/logo\/image\/\"}},{\"@type\":\"WebSite\",\"@id\":\"https:\/\/moldulak.com.br\/loja\/#website\",\"url\":\"https:\/\/moldulak.com.br\/loja\/\",\"name\":\"Moldulak molduras\",\"description\":\"molduraria artesanal\",\"publisher\":{\"@id\":\"https:\/\/moldulak.com.br\/loja\/#organization\"},\"potentialAction\":[{\"@type\":\"SearchAction\",\"target\":{\"@type\":\"EntryPoint\",\"urlTemplate\":\"https:\/\/moldulak.com.br\/loja\/?s={search_term_string}\"},\"query-input\":\"required name=search_term_string\"}],\"inLanguage\":\"pt-BR\"},{\"@type\":\"ImageObject\",\"inLanguage\":\"pt-BR\",\"@id\":\"https:\/\/moldulak.com.br\/loja\/conservacao\/#primaryimage\",\"url\":\"https:\/\/moldulak.com.br\/loja\/wp-content\/uploads\/2018\/10\/MG_4467-e1542075608520.jpg\",\"contentUrl\":\"https:\/\/moldulak.com.br\/loja\/wp-content\/uploads\/2018\/10\/MG_4467-e1542075608520.jpg\",\"width\":1200,\"height\":800},{\"@type\":\"WebPage\",\"@id\":\"https:\/\/moldulak.com.br\/loja\/conservacao\/#webpage\",\"url\":\"https:\/\/moldulak.com.br\/loja\/conservacao\/\",\"name\":\"Conserva\u00e7\u00e3o e restauro - Moldulak molduras\",\"isPartOf\":{\"@id\":\"https:\/\/moldulak.com.br\/loja\/#website\"},\"primaryImageOfPage\":{\"@id\":\"https:\/\/moldulak.com.br\/loja\/conservacao\/#primaryimage\"},\"datePublished\":\"2018-10-14T19:36:05+00:00\",\"dateModified\":\"2022-06-01T17:49:02+00:00\",\"breadcrumb\":{\"@id\":\"https:\/\/moldulak.com.br\/loja\/conservacao\/#breadcrumb\"},\"inLanguage\":\"pt-BR\",\"potentialAction\":[{\"@type\":\"ReadAction\",\"target\":[\"https:\/\/moldulak.com.br\/loja\/conservacao\/\"]}]},{\"@type\":\"BreadcrumbList\",\"@id\":\"https:\/\/moldulak.com.br\/loja\/conservacao\/#breadcrumb\",\"itemListElement\":[{\"@type\":\"ListItem\",\"position\":1,\"name\":\"In\u00edcio\",\"item\":\"https:\/\/moldulak.com.br\/loja\/\"},{\"@type\":\"ListItem\",\"position\":2,\"name\":\"Conserva\u00e7\u00e3o e restauro\"}]}]}<\/script>\n<!-- \/ Yoast SEO plugin. -->","yoast_head_json":{"title":"Conserva\u00e7\u00e3o e restauro - Moldulak molduras","robots":{"index":"index","follow":"follow","max-snippet":"max-snippet:-1","max-image-preview":"max-image-preview:large","max-video-preview":"max-video-preview:-1"},"canonical":"https:\/\/moldulak.com.br\/loja\/conservacao\/","og_locale":"pt_BR","og_type":"article","og_title":"Conserva\u00e7\u00e3o e restauro - Moldulak molduras","og_description":"[vc_row top=&#8221;0px&#8221; bottom=&#8221;&#8221;][vc_column][mnky_heading title=&#8221;Conserva\u00e7\u00e3o&#8221; subtitle=&#8221;materiais e t\u00e9cnicas&#8221;][vc_empty_space height=&#8221;20px&#8221;][vc_column_text]Quando emolduramos uma obra de arte seja ela uma gravura, fotografia, desenho ou pintura temos que pensar sobre sua conserva\u00e7\u00e3o para que ela n\u00e3o sofra ataque de fungos, n\u00e3o fique exposta a materiais \u00e1cidos que podem alterar a cor e como fixar esta obra para que ela possa [&hellip;]","og_url":"https:\/\/moldulak.com.br\/loja\/conservacao\/","og_site_name":"Moldulak molduras","article_publisher":"https:\/\/www.facebook.com\/moldulak","article_modified_time":"2022-06-01T17:49:02+00:00","og_image":[{"url":"https:\/\/moldulak.com.br\/loja\/wp-content\/uploads\/2018\/10\/MG_4467-e1542075608520.jpg"}],"twitter_card":"summary_large_image","twitter_misc":{"Est. tempo de leitura":"5 minutos"},"schema":{"@context":"https:\/\/schema.org","@graph":[{"@type":"Organization","@id":"https:\/\/moldulak.com.br\/loja\/#organization","name":"MOLDULAK","url":"https:\/\/moldulak.com.br\/loja\/","sameAs":["https:\/\/www.instagram.com\/moldulak\/","https:\/\/www.facebook.com\/moldulak"],"logo":{"@type":"ImageObject","inLanguage":"pt-BR","@id":"https:\/\/moldulak.com.br\/loja\/#\/schema\/logo\/image\/","url":"https:\/\/moldulak.com.br\/loja\/wp-content\/uploads\/2019\/02\/logo-moldulak-invertido-jpg.jpg","contentUrl":"https:\/\/moldulak.com.br\/loja\/wp-content\/uploads\/2019\/02\/logo-moldulak-invertido-jpg.jpg","width":2658,"height":2658,"caption":"MOLDULAK"},"image":{"@id":"https:\/\/moldulak.com.br\/loja\/#\/schema\/logo\/image\/"}},{"@type":"WebSite","@id":"https:\/\/moldulak.com.br\/loja\/#website","url":"https:\/\/moldulak.com.br\/loja\/","name":"Moldulak molduras","description":"molduraria artesanal","publisher":{"@id":"https:\/\/moldulak.com.br\/loja\/#organization"},"potentialAction":[{"@type":"SearchAction","target":{"@type":"EntryPoint","urlTemplate":"https:\/\/moldulak.com.br\/loja\/?s={search_term_string}"},"query-input":"required name=search_term_string"}],"inLanguage":"pt-BR"},{"@type":"ImageObject","inLanguage":"pt-BR","@id":"https:\/\/moldulak.com.br\/loja\/conservacao\/#primaryimage","url":"https:\/\/moldulak.com.br\/loja\/wp-content\/uploads\/2018\/10\/MG_4467-e1542075608520.jpg","contentUrl":"https:\/\/moldulak.com.br\/loja\/wp-content\/uploads\/2018\/10\/MG_4467-e1542075608520.jpg","width":1200,"height":800},{"@type":"WebPage","@id":"https:\/\/moldulak.com.br\/loja\/conservacao\/#webpage","url":"https:\/\/moldulak.com.br\/loja\/conservacao\/","name":"Conserva\u00e7\u00e3o e restauro - Moldulak molduras","isPartOf":{"@id":"https:\/\/moldulak.com.br\/loja\/#website"},"primaryImageOfPage":{"@id":"https:\/\/moldulak.com.br\/loja\/conservacao\/#primaryimage"},"datePublished":"2018-10-14T19:36:05+00:00","dateModified":"2022-06-01T17:49:02+00:00","breadcrumb":{"@id":"https:\/\/moldulak.com.br\/loja\/conservacao\/#breadcrumb"},"inLanguage":"pt-BR","potentialAction":[{"@type":"ReadAction","target":["https:\/\/moldulak.com.br\/loja\/conservacao\/"]}]},{"@type":"BreadcrumbList","@id":"https:\/\/moldulak.com.br\/loja\/conservacao\/#breadcrumb","itemListElement":[{"@type":"ListItem","position":1,"name":"In\u00edcio","item":"https:\/\/moldulak.com.br\/loja\/"},{"@type":"ListItem","position":2,"name":"Conserva\u00e7\u00e3o e restauro"}]}]}},"_links":{"self":[{"href":"https:\/\/moldulak.com.br\/loja\/wp-json\/wp\/v2\/pages\/2152"}],"collection":[{"href":"https:\/\/moldulak.com.br\/loja\/wp-json\/wp\/v2\/pages"}],"about":[{"href":"https:\/\/moldulak.com.br\/loja\/wp-json\/wp\/v2\/types\/page"}],"author":[{"embeddable":true,"href":"https:\/\/moldulak.com.br\/loja\/wp-json\/wp\/v2\/users\/1"}],"replies":[{"embeddable":true,"href":"https:\/\/moldulak.com.br\/loja\/wp-json\/wp\/v2\/comments?post=2152"}],"version-history":[{"count":80,"href":"https:\/\/moldulak.com.br\/loja\/wp-json\/wp\/v2\/pages\/2152\/revisions"}],"predecessor-version":[{"id":2497,"href":"https:\/\/moldulak.com.br\/loja\/wp-json\/wp\/v2\/pages\/2152\/revisions\/2497"}],"wp:attachment":[{"href":"https:\/\/moldulak.com.br\/loja\/wp-json\/wp\/v2\/media?parent=2152"}],"curies":[{"name":"wp","href":"https:\/\/api.w.org\/{rel}","templated":true}]}}