{"id":605,"date":"2015-02-27T13:19:31","date_gmt":"2015-02-27T13:19:31","guid":{"rendered":"http:\/\/mnkythemes.com\/craftsman\/?page_id=605"},"modified":"2022-06-02T15:15:16","modified_gmt":"2022-06-02T15:15:16","slug":"gallery-portfolio","status":"publish","type":"page","link":"https:\/\/moldulak.com.br\/loja\/gallery-portfolio\/","title":{"rendered":"molduras"},"content":{"rendered":"<p>[vc_row][vc_column width=&#8221;1\/4&#8243;][vc_text_separator title=&#8221;modelos&#8221;][vc_empty_space height=&#8221;10px&#8221;][vc_gallery type=&#8221;nivo&#8221; interval=&#8221;5&#8243; images=&#8221;2232,2231,2230,2229&#8243; img_size=&#8221;500&#215;500&#8243; onclick=&#8221;img_link_large&#8221;][vc_column_text]Trabalhamos com uma grande variedade de perfis dos mais simples e atuais aos cl\u00e1ssicos.Customizamos alturas e espessuras conforme as necessidades.[\/vc_column_text][\/vc_column][vc_column width=&#8221;1\/4&#8243;][vc_text_separator title=&#8221;materiais&#8221;][vc_empty_space height=&#8221;10px&#8221;][vc_gallery type=&#8221;nivo&#8221; interval=&#8221;5&#8243; images=&#8221;2263,2262,2269&#8243; img_size=&#8221;500&#215;500&#8243; onclick=&#8221;img_link_large&#8221;][vc_column_text]Nossas molduras s\u00e3o confeccionadas com madeiras naturais maci\u00e7as muito bem selecionadas e secas o que garante o aspecto natural e a durabilidade, conferindo um aspecto exclusivo.<\/p>\n<p>[\/vc_column_text][\/vc_column][vc_column width=&#8221;1\/4&#8243;][vc_text_separator title=&#8221;acabamentos&#8221;][vc_empty_space height=&#8221;10px&#8221;][vc_gallery type=&#8221;nivo&#8221; interval=&#8221;5&#8243; images=&#8221;2234,2237,2245,2238,2311,2309,2308&#8243; img_size=&#8221;500&#215;500&#8243; onclick=&#8221;img_link_large&#8221;][vc_column_text]Acabamentos artesanais de lustra\u00e7\u00e3o,tingimento, folha\u00e7\u00e3o e ebaniza\u00e7\u00e3o garantem um resultado exclusivo e \u00fanico \u00e0s nossas molduras.[\/vc_column_text][\/vc_column][vc_column width=&#8221;1\/4&#8243;][vc_text_separator title=&#8221;montagens&#8221;][vc_empty_space height=&#8221;10px&#8221;][vc_gallery type=&#8221;nivo&#8221; interval=&#8221;5&#8243; images=&#8221;2273,2272,2271,2276,2274&#8243; img_size=&#8221;500&#215;500&#8243; onclick=&#8221;img_link_large&#8221;][vc_column_text]Alguns exemplos de montagens com os mais diversos materiais aliados a t\u00e9cnicas de fixa\u00e7\u00e3o garantem um bom resultado est\u00e9tico sem comprometer a integridade de sua obra.[\/vc_column_text][\/vc_column][vc_column][\/vc_column][\/vc_row][vc_row][vc_column][\/vc_column][\/vc_row][vc_row][vc_column][\/vc_column][\/vc_row]<\/p>\n","protected":false},"excerpt":{"rendered":"<p>[vc_row][vc_column width=&#8221;1\/4&#8243;][vc_text_separator title=&#8221;modelos&#8221;][vc_empty_space height=&#8221;10px&#8221;][vc_gallery type=&#8221;nivo&#8221; interval=&#8221;5&#8243; images=&#8221;2232,2231,2230,2229&#8243; img_size=&#8221;500&#215;500&#8243; onclick=&#8221;img_link_large&#8221;][vc_column_text]Trabalhamos com uma grande variedade de perfis dos mais simples e atuais aos cl\u00e1ssicos.Customizamos alturas e espessuras conforme as necessidades.[\/vc_column_text][\/vc_column][vc_column width=&#8221;1\/4&#8243;][vc_text_separator title=&#8221;materiais&#8221;][vc_empty_space height=&#8221;10px&#8221;][vc_gallery type=&#8221;nivo&#8221; interval=&#8221;5&#8243; images=&#8221;2263,2262,2269&#8243; img_size=&#8221;500&#215;500&#8243; onclick=&#8221;img_link_large&#8221;][vc_column_text]Nossas molduras s\u00e3o confeccionadas com madeiras naturais maci\u00e7as muito bem selecionadas e secas o que garante o aspecto natural e [&hellip;]<\/p>\n","protected":false},"author":1,"featured_media":0,"parent":0,"menu_order":0,"comment_status":"open","ping_status":"closed","template":"page-full-width.php","meta":[],"yoast_head":"<!-- This site is optimized with the Yoast SEO plugin v19.1 - https:\/\/yoast.com\/wordpress\/plugins\/seo\/ -->\n<title>molduras - Moldulak molduras<\/title>\n<meta name=\"robots\" content=\"index, follow, max-snippet:-1, max-image-preview:large, max-video-preview:-1\" \/>\n<link rel=\"canonical\" href=\"https:\/\/moldulak.com.br\/loja\/gallery-portfolio\/\" \/>\n<meta property=\"og:locale\" content=\"pt_BR\" \/>\n<meta property=\"og:type\" content=\"article\" \/>\n<meta property=\"og:title\" content=\"molduras - Moldulak molduras\" \/>\n<meta property=\"og:description\" content=\"[vc_row][vc_column width=&#8221;1\/4&#8243;][vc_text_separator title=&#8221;modelos&#8221;][vc_empty_space height=&#8221;10px&#8221;][vc_gallery type=&#8221;nivo&#8221; interval=&#8221;5&#8243; images=&#8221;2232,2231,2230,2229&#8243; img_size=&#8221;500&#215;500&#8243; onclick=&#8221;img_link_large&#8221;][vc_column_text]Trabalhamos com uma grande variedade de perfis dos mais simples e atuais aos cl\u00e1ssicos.Customizamos alturas e espessuras conforme as necessidades.[\/vc_column_text][\/vc_column][vc_column width=&#8221;1\/4&#8243;][vc_text_separator title=&#8221;materiais&#8221;][vc_empty_space height=&#8221;10px&#8221;][vc_gallery type=&#8221;nivo&#8221; interval=&#8221;5&#8243; images=&#8221;2263,2262,2269&#8243; img_size=&#8221;500&#215;500&#8243; onclick=&#8221;img_link_large&#8221;][vc_column_text]Nossas molduras s\u00e3o confeccionadas com madeiras naturais maci\u00e7as muito bem selecionadas e secas o que garante o aspecto natural e [&hellip;]\" \/>\n<meta property=\"og:url\" content=\"https:\/\/moldulak.com.br\/loja\/gallery-portfolio\/\" \/>\n<meta property=\"og:site_name\" content=\"Moldulak molduras\" \/>\n<meta property=\"article:publisher\" content=\"https:\/\/www.facebook.com\/moldulak\" \/>\n<meta property=\"article:modified_time\" content=\"2022-06-02T15:15:16+00:00\" \/>\n<meta name=\"twitter:card\" content=\"summary_large_image\" \/>\n<meta name=\"twitter:label1\" content=\"Est. tempo de leitura\" \/>\n\t<meta name=\"twitter:data1\" content=\"1 minuto\" \/>\n<script type=\"application\/ld+json\" class=\"yoast-schema-graph\">{\"@context\":\"https:\/\/schema.org\",\"@graph\":[{\"@type\":\"Organization\",\"@id\":\"https:\/\/moldulak.com.br\/loja\/#organization\",\"name\":\"MOLDULAK\",\"url\":\"https:\/\/moldulak.com.br\/loja\/\",\"sameAs\":[\"https:\/\/www.instagram.com\/moldulak\/\",\"https:\/\/www.facebook.com\/moldulak\"],\"logo\":{\"@type\":\"ImageObject\",\"inLanguage\":\"pt-BR\",\"@id\":\"https:\/\/moldulak.com.br\/loja\/#\/schema\/logo\/image\/\",\"url\":\"https:\/\/moldulak.com.br\/loja\/wp-content\/uploads\/2019\/02\/logo-moldulak-invertido-jpg.jpg\",\"contentUrl\":\"https:\/\/moldulak.com.br\/loja\/wp-content\/uploads\/2019\/02\/logo-moldulak-invertido-jpg.jpg\",\"width\":2658,\"height\":2658,\"caption\":\"MOLDULAK\"},\"image\":{\"@id\":\"https:\/\/moldulak.com.br\/loja\/#\/schema\/logo\/image\/\"}},{\"@type\":\"WebSite\",\"@id\":\"https:\/\/moldulak.com.br\/loja\/#website\",\"url\":\"https:\/\/moldulak.com.br\/loja\/\",\"name\":\"Moldulak molduras\",\"description\":\"molduraria artesanal\",\"publisher\":{\"@id\":\"https:\/\/moldulak.com.br\/loja\/#organization\"},\"potentialAction\":[{\"@type\":\"SearchAction\",\"target\":{\"@type\":\"EntryPoint\",\"urlTemplate\":\"https:\/\/moldulak.com.br\/loja\/?s={search_term_string}\"},\"query-input\":\"required name=search_term_string\"}],\"inLanguage\":\"pt-BR\"},{\"@type\":\"WebPage\",\"@id\":\"https:\/\/moldulak.com.br\/loja\/gallery-portfolio\/#webpage\",\"url\":\"https:\/\/moldulak.com.br\/loja\/gallery-portfolio\/\",\"name\":\"molduras - Moldulak molduras\",\"isPartOf\":{\"@id\":\"https:\/\/moldulak.com.br\/loja\/#website\"},\"datePublished\":\"2015-02-27T13:19:31+00:00\",\"dateModified\":\"2022-06-02T15:15:16+00:00\",\"breadcrumb\":{\"@id\":\"https:\/\/moldulak.com.br\/loja\/gallery-portfolio\/#breadcrumb\"},\"inLanguage\":\"pt-BR\",\"potentialAction\":[{\"@type\":\"ReadAction\",\"target\":[\"https:\/\/moldulak.com.br\/loja\/gallery-portfolio\/\"]}]},{\"@type\":\"BreadcrumbList\",\"@id\":\"https:\/\/moldulak.com.br\/loja\/gallery-portfolio\/#breadcrumb\",\"itemListElement\":[{\"@type\":\"ListItem\",\"position\":1,\"name\":\"In\u00edcio\",\"item\":\"https:\/\/moldulak.com.br\/loja\/\"},{\"@type\":\"ListItem\",\"position\":2,\"name\":\"molduras\"}]}]}<\/script>\n<!-- \/ Yoast SEO plugin. -->","yoast_head_json":{"title":"molduras - Moldulak molduras","robots":{"index":"index","follow":"follow","max-snippet":"max-snippet:-1","max-image-preview":"max-image-preview:large","max-video-preview":"max-video-preview:-1"},"canonical":"https:\/\/moldulak.com.br\/loja\/gallery-portfolio\/","og_locale":"pt_BR","og_type":"article","og_title":"molduras - Moldulak molduras","og_description":"[vc_row][vc_column width=&#8221;1\/4&#8243;][vc_text_separator title=&#8221;modelos&#8221;][vc_empty_space height=&#8221;10px&#8221;][vc_gallery type=&#8221;nivo&#8221; interval=&#8221;5&#8243; images=&#8221;2232,2231,2230,2229&#8243; img_size=&#8221;500&#215;500&#8243; onclick=&#8221;img_link_large&#8221;][vc_column_text]Trabalhamos com uma grande variedade de perfis dos mais simples e atuais aos cl\u00e1ssicos.Customizamos alturas e espessuras conforme as necessidades.[\/vc_column_text][\/vc_column][vc_column width=&#8221;1\/4&#8243;][vc_text_separator title=&#8221;materiais&#8221;][vc_empty_space height=&#8221;10px&#8221;][vc_gallery type=&#8221;nivo&#8221; interval=&#8221;5&#8243; images=&#8221;2263,2262,2269&#8243; img_size=&#8221;500&#215;500&#8243; onclick=&#8221;img_link_large&#8221;][vc_column_text]Nossas molduras s\u00e3o confeccionadas com madeiras naturais maci\u00e7as muito bem selecionadas e secas o que garante o aspecto natural e [&hellip;]","og_url":"https:\/\/moldulak.com.br\/loja\/gallery-portfolio\/","og_site_name":"Moldulak molduras","article_publisher":"https:\/\/www.facebook.com\/moldulak","article_modified_time":"2022-06-02T15:15:16+00:00","twitter_card":"summary_large_image","twitter_misc":{"Est. tempo de leitura":"1 minuto"},"schema":{"@context":"https:\/\/schema.org","@graph":[{"@type":"Organization","@id":"https:\/\/moldulak.com.br\/loja\/#organization","name":"MOLDULAK","url":"https:\/\/moldulak.com.br\/loja\/","sameAs":["https:\/\/www.instagram.com\/moldulak\/","https:\/\/www.facebook.com\/moldulak"],"logo":{"@type":"ImageObject","inLanguage":"pt-BR","@id":"https:\/\/moldulak.com.br\/loja\/#\/schema\/logo\/image\/","url":"https:\/\/moldulak.com.br\/loja\/wp-content\/uploads\/2019\/02\/logo-moldulak-invertido-jpg.jpg","contentUrl":"https:\/\/moldulak.com.br\/loja\/wp-content\/uploads\/2019\/02\/logo-moldulak-invertido-jpg.jpg","width":2658,"height":2658,"caption":"MOLDULAK"},"image":{"@id":"https:\/\/moldulak.com.br\/loja\/#\/schema\/logo\/image\/"}},{"@type":"WebSite","@id":"https:\/\/moldulak.com.br\/loja\/#website","url":"https:\/\/moldulak.com.br\/loja\/","name":"Moldulak molduras","description":"molduraria artesanal","publisher":{"@id":"https:\/\/moldulak.com.br\/loja\/#organization"},"potentialAction":[{"@type":"SearchAction","target":{"@type":"EntryPoint","urlTemplate":"https:\/\/moldulak.com.br\/loja\/?s={search_term_string}"},"query-input":"required name=search_term_string"}],"inLanguage":"pt-BR"},{"@type":"WebPage","@id":"https:\/\/moldulak.com.br\/loja\/gallery-portfolio\/#webpage","url":"https:\/\/moldulak.com.br\/loja\/gallery-portfolio\/","name":"molduras - Moldulak molduras","isPartOf":{"@id":"https:\/\/moldulak.com.br\/loja\/#website"},"datePublished":"2015-02-27T13:19:31+00:00","dateModified":"2022-06-02T15:15:16+00:00","breadcrumb":{"@id":"https:\/\/moldulak.com.br\/loja\/gallery-portfolio\/#breadcrumb"},"inLanguage":"pt-BR","potentialAction":[{"@type":"ReadAction","target":["https:\/\/moldulak.com.br\/loja\/gallery-portfolio\/"]}]},{"@type":"BreadcrumbList","@id":"https:\/\/moldulak.com.br\/loja\/gallery-portfolio\/#breadcrumb","itemListElement":[{"@type":"ListItem","position":1,"name":"In\u00edcio","item":"https:\/\/moldulak.com.br\/loja\/"},{"@type":"ListItem","position":2,"name":"molduras"}]}]}},"_links":{"self":[{"href":"https:\/\/moldulak.com.br\/loja\/wp-json\/wp\/v2\/pages\/605"}],"collection":[{"href":"https:\/\/moldulak.com.br\/loja\/wp-json\/wp\/v2\/pages"}],"about":[{"href":"https:\/\/moldulak.com.br\/loja\/wp-json\/wp\/v2\/types\/page"}],"author":[{"embeddable":true,"href":"https:\/\/moldulak.com.br\/loja\/wp-json\/wp\/v2\/users\/1"}],"replies":[{"embeddable":true,"href":"https:\/\/moldulak.com.br\/loja\/wp-json\/wp\/v2\/comments?post=605"}],"version-history":[{"count":114,"href":"https:\/\/moldulak.com.br\/loja\/wp-json\/wp\/v2\/pages\/605\/revisions"}],"predecessor-version":[{"id":2508,"href":"https:\/\/moldulak.com.br\/loja\/wp-json\/wp\/v2\/pages\/605\/revisions\/2508"}],"wp:attachment":[{"href":"https:\/\/moldulak.com.br\/loja\/wp-json\/wp\/v2\/media?parent=605"}],"curies":[{"name":"wp","href":"https:\/\/api.w.org\/{rel}","templated":true}]}}